{"id":268,"date":"2026-03-06T14:00:31","date_gmt":"2026-03-06T12:00:31","guid":{"rendered":"http:\/\/solsonaturisme.nordkat.com\/politique-sur-les-cookies\/"},"modified":"2026-03-06T14:00:31","modified_gmt":"2026-03-06T12:00:31","slug":"politique-sur-les-cookies","status":"publish","type":"page","link":"https:\/\/solsonaturisme.nordkat.com\/fr\/politique-sur-les-cookies\/","title":{"rendered":"Politique sur les cookies"},"content":{"rendered":"<p><strong>Voici un site web que le conseil municipal de Solsona met \u00e0 disposition de tous les utilisateurs d\u2019Internet. Son objectif est de fournir des services et des informations \u00e0 tous ces navigateurs et, de la m\u00eame mani\u00e8re, de projeter et de promouvoir le patrimoine et l\u2019activit\u00e9 de la ville.<\/strong><\/p>\n<p>Tous droits r\u00e9serv\u00e9s. La modification du site web ou de son contenu n\u2019est pas autoris\u00e9e.<\/p>\n<p>Les informations administratives fournies via ce portail ne remplacent pas les textes publicitaires et juridiques qui doivent \u00eatre officiellement publi\u00e9s dans le BOE, DOGC, BOP et d\u2019autres gazettes officielles, dont l\u2019\u00e9dition imprim\u00e9e est le seul instrument attestant de leur authenticit\u00e9 et de leur contenu.<\/p>\n<p>Le conseil municipal de Solsona n\u2019est pas responsable du contenu, de l\u2019exactitude et de la mise \u00e0 jour des informations provenant d\u2019autres personnes physiques ou morales et qui apparaissent sur le site web ou vers lesquelles elles sont r\u00e9f\u00e9renc\u00e9es via des liens ou autres syst\u00e8mes.<\/p>\n<p>Le conseil municipal de Solsona n\u2019est pas responsable de l\u2019utilisation par des tiers des informations qu\u2019il contient, bien qu\u2019il devra se conformer aux avertissements contenus dans certains documents et demandes.<\/p>\n<p>Toutes les donn\u00e9es fournies par les utilisateurs ne seront pas utilis\u00e9es \u00e0 des fins autres que celles exprim\u00e9es dans chaque cas, ni \u00e0 des tiers, conform\u00e9ment aux principes de protection des donn\u00e9es personnelles \u00e9tablis par la Loi organique sur la protection des donn\u00e9es (Loi 15\/1999, du 13 d\u00e9cembre).<\/p>\n<p>Le conseil municipal de Solsona ne garantit pas que le site web et le serveur sont exempts de virus et n\u2019est pas responsable des dommages caus\u00e9s par l\u2019acc\u00e8s au site ou par l\u2019impossibilit\u00e9 d\u2019y acc\u00e9der.<\/p>\n<p>Ce site web et tous ses contenus, y compris les textes, images, sons, bases de donn\u00e9es et tout autre mat\u00e9riel, appartiennent au conseil municipal de Solsona, \u00e0 un institut, une entreprise ou un organisme li\u00e9 au conseil municipal lui-m\u00eame ou \u00e0 des tiers.<\/p>\n<p>Le conseil municipal de Solsona se r\u00e9serve le droit de modifier, enrichir le contenu, les informations, les demandes, etc. de ce site web \u00e0 tout moment et sans pr\u00e9avis.<\/p>\n<p>L\u2019int\u00e9r\u00eat du conseil municipal de Solsona est que ce site web fonctionne avec une efficacit\u00e9 maximale et remplit la fonction pour laquelle il a \u00e9t\u00e9 cr\u00e9\u00e9 et est maintenu, en mettant en place tous les moyens raisonnables pour y parvenir, mais il n\u2019est pas responsable des \u00e9ventuels dysfonctionnements et anomalies de son fonctionnement.<\/p>\n<p>Le conseil municipal de Solsona peut modifier les termes et conditions figurant sur ce site web et, par cons\u00e9quent, nous vous conseillons de les consulter avec une p\u00e9riodicit\u00e9 raisonnable en cas de changement. Toutes les modifications introduites entreront en vigueur en m\u00eame temps qu\u2019elles seront publi\u00e9es sur ce site web.<\/p>\n<p>L\u2019utilisation de ce site implique l\u2019acceptation des termes et conditions contenus sur ce site.<\/p>\n<p>Pour toute clarification, information, suggestion, plainte, etc., vous pouvez utiliser la bo\u00eete \u00e0 suggestions sur ce site ou vous rendre \u00e0 l\u2019adresse suivante :<\/p>\n<p>Bureau<br \/>\n <strong>d\u2019information citoyenne<\/strong>Ajuntament de Solsona<br \/>\nC\/ Castell, 20<br \/>\nT\u00e9l\u00e9phones : 973 48 00 50<br \/>\nFax : 973 48 23 61<br \/>\n<a href=\"mailto:ajuntament@ajsolsona.cat\">ajuntament@ajsolsona.cat<\/a><\/p>\n<p>Les utilisateurs peuvent exercer leur droit d\u2019acc\u00e8s, de rectification, d\u2019annulation et d\u2019opposition accord\u00e9 par la Loi organique actuelle sur la protection des donn\u00e9es (Loi 15\/1999, du 13 d\u00e9cembre) sur leurs donn\u00e9es, en les demandant avec une identification pr\u00e9alable, en personne, par t\u00e9l\u00e9phone, par courrier, fax ou e-mail au Bureau d\u2019Information et de Service des Citoyens mentionn\u00e9 ci-dessus.<\/p>\n<p>Tout conflit \u00e9ventuel li\u00e9 \u00e0 ce site web sera r\u00e9gi exclusivement par la loi affectant l\u2019\u00c9tat et la Catalogne, la Cour de Solsona \u00e9tant la seule juridiction comp\u00e9tente. Tous les utilisateurs acceptent de respecter et de respecter cette clause<\/p>\n","protected":false},"excerpt":{"rendered":"<p>Voici un site web que le conseil municipal de Solsona met \u00e0 disposition de tous les utilisateurs d\u2019Internet. Son objectif est de fournir des services et des informations \u00e0 tous ces navigateurs et, de la m\u00eame mani\u00e8re, de projeter et de promouvoir le patrimoine et l\u2019activit\u00e9 de la ville. Tous droits r\u00e9serv\u00e9s. La modification du [&hellip;]<\/p>\n","protected":false},"author":1,"featured_media":0,"parent":0,"menu_order":8,"comment_status":"closed","ping_status":"closed","template":"page-legal.php","meta":{"_acf_changed":false,"footnotes":""},"class_list":["post-268","page","type-page","status-publish","hentry"],"acf":[],"_links":{"self":[{"href":"https:\/\/solsonaturisme.nordkat.com\/fr\/wp-json\/wp\/v2\/pages\/268","targetHints":{"allow":["GET"]}}],"collection":[{"href":"https:\/\/solsonaturisme.nordkat.com\/fr\/wp-json\/wp\/v2\/pages"}],"about":[{"href":"https:\/\/solsonaturisme.nordkat.com\/fr\/wp-json\/wp\/v2\/types\/page"}],"author":[{"embeddable":true,"href":"https:\/\/solsonaturisme.nordkat.com\/fr\/wp-json\/wp\/v2\/users\/1"}],"replies":[{"embeddable":true,"href":"https:\/\/solsonaturisme.nordkat.com\/fr\/wp-json\/wp\/v2\/comments?post=268"}],"version-history":[{"count":0,"href":"https:\/\/solsonaturisme.nordkat.com\/fr\/wp-json\/wp\/v2\/pages\/268\/revisions"}],"wp:attachment":[{"href":"https:\/\/solsonaturisme.nordkat.com\/fr\/wp-json\/wp\/v2\/media?parent=268"}],"curies":[{"name":"wp","href":"https:\/\/api.w.org\/{rel}","templated":true}]}}