{"id":266,"date":"2026-02-25T12:37:04","date_gmt":"2026-02-25T10:37:04","guid":{"rendered":"http:\/\/solsonaturisme.nordkat.com\/avis-juridique\/"},"modified":"2026-02-25T12:37:04","modified_gmt":"2026-02-25T10:37:04","slug":"avis-juridique","status":"publish","type":"page","link":"https:\/\/solsonaturisme.nordkat.com\/fr\/avis-juridique\/","title":{"rendered":"Avis juridique"},"content":{"rendered":"<p>Tous droits r\u00e9serv\u00e9s. La modification du site web ou de son contenu n\u2019est pas autoris\u00e9e.<\/p>\n<p>Le conseil municipal de Solsona n\u2019est pas responsable du contenu, de l\u2019exactitude et de la mise \u00e0 jour des informations provenant d\u2019autres personnes physiques ou morales et qui apparaissent sur le site web ou vers lesquelles elles sont r\u00e9f\u00e9renc\u00e9es via des liens ou autres syst\u00e8mes.<\/p>\n<p>Toutes les donn\u00e9es fournies par les utilisateurs ne seront pas utilis\u00e9es \u00e0 des fins autres que celles exprim\u00e9es dans chaque cas, ni \u00e0 des tiers, conform\u00e9ment aux principes de protection des donn\u00e9es personnelles \u00e9tablis par la Loi organique sur la protection des donn\u00e9es (Loi 15\/1999, du 13 d\u00e9cembre).<\/p>\n<p>Le conseil municipal de Solsona ne garantit pas que le site web et le serveur sont exempts de virus et n\u2019est pas responsable des dommages caus\u00e9s par l\u2019acc\u00e8s au site ou par l\u2019impossibilit\u00e9 d\u2019y acc\u00e9der.<\/p>\n<p>Ce site web et tous ses contenus, y compris les textes, images, sons, bases de donn\u00e9es et tout autre mat\u00e9riel, appartiennent au conseil municipal de Solsona, \u00e0 un institut, une entreprise ou un organisme li\u00e9 au conseil municipal lui-m\u00eame ou \u00e0 des tiers.<\/p>\n<p>Le conseil municipal de Solsona se r\u00e9serve le droit de modifier, enrichir le contenu, les informations, les demandes, etc. de ce site web \u00e0 tout moment et sans pr\u00e9avis.<\/p>\n<p>L\u2019utilisation de ce site implique l\u2019acceptation des termes et conditions contenus sur ce site.<\/p>\n<p>Pour toute clarification, information, suggestion, plainte, etc., vous pouvez utiliser la bo\u00eete \u00e0 suggestions sur ce site ou vous rendre \u00e0 l\u2019adresse suivante :<\/p>\n<p><strong>Bureau d\u2019information citoyenne<\/strong><strong> <\/strong><\/p>\n<p>Ajuntament de Solsona<br \/>\nC\/ Castell, 20<br \/>\nt\u00e9l\u00e9phones : 973 48 00 50<br \/>\nfax : 973 48 23 61<br \/>\najuntament@ajsolsona.cat<\/p>\n<p>Les utilisateurs peuvent exercer leur droit d\u2019acc\u00e8s, de rectification, d\u2019annulation et d\u2019opposition accord\u00e9 par la Loi organique actuelle sur la protection des donn\u00e9es (Loi 15\/1999, du 13 d\u00e9cembre) sur leurs donn\u00e9es, en les demandant avec une identification pr\u00e9alable, en personne, par t\u00e9l\u00e9phone, par courrier, fax ou e-mail au Bureau d\u2019Information et de Service des Citoyens mentionn\u00e9 ci-dessus.<\/p>\n","protected":false},"excerpt":{"rendered":"<p>Tous droits r\u00e9serv\u00e9s. La modification du site web ou de son contenu n\u2019est pas autoris\u00e9e. Le conseil municipal de Solsona n\u2019est pas responsable du contenu, de l\u2019exactitude et de la mise \u00e0 jour des informations provenant d\u2019autres personnes physiques ou morales et qui apparaissent sur le site web ou vers lesquelles elles sont r\u00e9f\u00e9renc\u00e9es via [&hellip;]<\/p>\n","protected":false},"author":1,"featured_media":0,"parent":0,"menu_order":7,"comment_status":"closed","ping_status":"closed","template":"page-legal.php","meta":{"_acf_changed":false,"footnotes":""},"class_list":["post-266","page","type-page","status-publish","hentry"],"acf":[],"_links":{"self":[{"href":"https:\/\/solsonaturisme.nordkat.com\/fr\/wp-json\/wp\/v2\/pages\/266","targetHints":{"allow":["GET"]}}],"collection":[{"href":"https:\/\/solsonaturisme.nordkat.com\/fr\/wp-json\/wp\/v2\/pages"}],"about":[{"href":"https:\/\/solsonaturisme.nordkat.com\/fr\/wp-json\/wp\/v2\/types\/page"}],"author":[{"embeddable":true,"href":"https:\/\/solsonaturisme.nordkat.com\/fr\/wp-json\/wp\/v2\/users\/1"}],"replies":[{"embeddable":true,"href":"https:\/\/solsonaturisme.nordkat.com\/fr\/wp-json\/wp\/v2\/comments?post=266"}],"version-history":[{"count":0,"href":"https:\/\/solsonaturisme.nordkat.com\/fr\/wp-json\/wp\/v2\/pages\/266\/revisions"}],"wp:attachment":[{"href":"https:\/\/solsonaturisme.nordkat.com\/fr\/wp-json\/wp\/v2\/media?parent=266"}],"curies":[{"name":"wp","href":"https:\/\/api.w.org\/{rel}","templated":true}]}}