{"id":248,"date":"2026-01-28T17:08:07","date_gmt":"2026-01-28T15:08:07","guid":{"rendered":"http:\/\/solsonaturisme.nordkat.com\/guide-pratique\/adresses-et-numeros-de-telephone-dinteret\/"},"modified":"2026-03-11T16:29:58","modified_gmt":"2026-03-11T14:29:58","slug":"adresses-et-numeros-de-telephone-dinteret","status":"publish","type":"page","link":"https:\/\/solsonaturisme.nordkat.com\/fr\/guide-pratique\/adresses-et-numeros-de-telephone-dinteret\/","title":{"rendered":"Adresses et num\u00e9ros de t\u00e9l\u00e9phone d\u2019int\u00e9r\u00eat"},"content":{"rendered":"","protected":false},"excerpt":{"rendered":"","protected":false},"author":1,"featured_media":0,"parent":241,"menu_order":2,"comment_status":"closed","ping_status":"closed","template":"page-guia-practica-adreces.php","meta":{"_acf_changed":false,"footnotes":""},"class_list":["post-248","page","type-page","status-publish","hentry"],"acf":[],"_links":{"self":[{"href":"https:\/\/solsonaturisme.nordkat.com\/fr\/wp-json\/wp\/v2\/pages\/248","targetHints":{"allow":["GET"]}}],"collection":[{"href":"https:\/\/solsonaturisme.nordkat.com\/fr\/wp-json\/wp\/v2\/pages"}],"about":[{"href":"https:\/\/solsonaturisme.nordkat.com\/fr\/wp-json\/wp\/v2\/types\/page"}],"author":[{"embeddable":true,"href":"https:\/\/solsonaturisme.nordkat.com\/fr\/wp-json\/wp\/v2\/users\/1"}],"replies":[{"embeddable":true,"href":"https:\/\/solsonaturisme.nordkat.com\/fr\/wp-json\/wp\/v2\/comments?post=248"}],"version-history":[{"count":1,"href":"https:\/\/solsonaturisme.nordkat.com\/fr\/wp-json\/wp\/v2\/pages\/248\/revisions"}],"predecessor-version":[{"id":253,"href":"https:\/\/solsonaturisme.nordkat.com\/fr\/wp-json\/wp\/v2\/pages\/248\/revisions\/253"}],"up":[{"embeddable":true,"href":"https:\/\/solsonaturisme.nordkat.com\/fr\/wp-json\/wp\/v2\/pages\/241"}],"wp:attachment":[{"href":"https:\/\/solsonaturisme.nordkat.com\/fr\/wp-json\/wp\/v2\/media?parent=248"}],"curies":[{"name":"wp","href":"https:\/\/api.w.org\/{rel}","templated":true}]}}