{"id":228,"date":"2026-01-28T17:06:47","date_gmt":"2026-01-28T15:06:47","guid":{"rendered":"http:\/\/solsonaturisme.nordkat.com\/que-faire\/au-dela-de-solsona\/"},"modified":"2026-01-28T17:06:47","modified_gmt":"2026-01-28T15:06:47","slug":"au-dela-de-solsona","status":"publish","type":"page","link":"https:\/\/solsonaturisme.nordkat.com\/fr\/que-faire-a-solsona\/au-dela-de-solsona\/","title":{"rendered":"Au-del\u00e0 de Solsona"},"content":{"rendered":"<p>La ville n\u2019est que le point de d\u00e9part. Dans les environs, un territoire riche en paysages uniques, en villages charmants et en coins qui pr\u00e9servent l\u2019essence la plus authentique de Solson\u00e8s vous attend. Si vous souhaitez d\u00e9couvrir des itin\u00e9raires surprenants, des propositions culturelles, des exp\u00e9riences en nature et bien d\u2019autres projets pour compl\u00e9ter votre visite, nous vous invitons \u00e0 d\u00e9couvrir tout ce que la r\u00e9gion a \u00e0 offrir.<\/p>\n<p>Ne manquez pas l\u2019occasion de profiter du Solson\u00e8s dans toute son \u00e9tendue.<\/p>\n<p>Visitez Turisme Solson\u00e8s et laissez-vous inspirer par toutes les possibilit\u00e9s qui vous attendent au-del\u00e0 de Solsona.<\/p>\n","protected":false},"excerpt":{"rendered":"<p>La ville n\u2019est que le point de d\u00e9part. Dans les environs, un territoire riche en paysages uniques, en villages charmants et en coins qui pr\u00e9servent l\u2019essence la plus authentique de Solson\u00e8s vous attend. Si vous souhaitez d\u00e9couvrir des itin\u00e9raires surprenants, des propositions culturelles, des exp\u00e9riences en nature et bien d\u2019autres projets pour compl\u00e9ter votre visite, [&hellip;]<\/p>\n","protected":false},"author":1,"featured_media":203,"parent":209,"menu_order":5,"comment_status":"closed","ping_status":"closed","template":"page-que-fer-standard.php","meta":{"_acf_changed":false,"footnotes":""},"class_list":["post-228","page","type-page","status-publish","has-post-thumbnail","hentry"],"acf":[],"_links":{"self":[{"href":"https:\/\/solsonaturisme.nordkat.com\/fr\/wp-json\/wp\/v2\/pages\/228","targetHints":{"allow":["GET"]}}],"collection":[{"href":"https:\/\/solsonaturisme.nordkat.com\/fr\/wp-json\/wp\/v2\/pages"}],"about":[{"href":"https:\/\/solsonaturisme.nordkat.com\/fr\/wp-json\/wp\/v2\/types\/page"}],"author":[{"embeddable":true,"href":"https:\/\/solsonaturisme.nordkat.com\/fr\/wp-json\/wp\/v2\/users\/1"}],"replies":[{"embeddable":true,"href":"https:\/\/solsonaturisme.nordkat.com\/fr\/wp-json\/wp\/v2\/comments?post=228"}],"version-history":[{"count":0,"href":"https:\/\/solsonaturisme.nordkat.com\/fr\/wp-json\/wp\/v2\/pages\/228\/revisions"}],"up":[{"embeddable":true,"href":"https:\/\/solsonaturisme.nordkat.com\/fr\/wp-json\/wp\/v2\/pages\/209"}],"wp:featuredmedia":[{"embeddable":true,"href":"https:\/\/solsonaturisme.nordkat.com\/fr\/wp-json\/wp\/v2\/media\/203"}],"wp:attachment":[{"href":"https:\/\/solsonaturisme.nordkat.com\/fr\/wp-json\/wp\/v2\/media?parent=228"}],"curies":[{"name":"wp","href":"https:\/\/api.w.org\/{rel}","templated":true}]}}