{"id":269,"date":"2026-03-06T14:00:31","date_gmt":"2026-03-06T12:00:31","guid":{"rendered":"http:\/\/solsonaturisme.nordkat.com\/politica-de-cookies\/"},"modified":"2026-03-06T14:00:31","modified_gmt":"2026-03-06T12:00:31","slug":"politica-de-cookies","status":"publish","type":"page","link":"https:\/\/solsonaturisme.nordkat.com\/es\/politica-de-cookies\/","title":{"rendered":"Pol\u00edtica de cookies"},"content":{"rendered":"<p><strong>Este es un sitio web que el Ayuntamiento de Solsona pone a disposici\u00f3n de todos los usuarios y usuarias de la red Internet. Su objetivo es suministrar servicio e informaci\u00f3n a todos estos navegadores y, asimismo, proyectar y dar a conocer el patrimonio de la ciudad y su actividad.<\/strong><\/p>\n<p>Todos los derechos est\u00e1n reservados. No est\u00e1 permitida la modificaci\u00f3n de la web ni de sus contenidos.<\/p>\n<p>La informaci\u00f3n administrativa facilitada a trav\u00e9s de este portal no sustituye la publicidad y textos legales que deban ser publicados formalmente en el BOE, DOGC, BOP y en otros diarios oficiales, cuya edici\u00f3n impresa es el \u00fanico instrumento que da fe de su autenticidad y contenido.<\/p>\n<p>El Ayuntamiento de Solsona no se hace responsable del contenido, exactitud y actualizaci\u00f3n de la informaci\u00f3n que proviene de otras personas f\u00edsicas o jur\u00eddicas y que conste en el sitio web o a la que se remita a partir de enlaces u otros sistemas.<\/p>\n<p>El Ayuntamiento de Solsona no se hace responsable del uso por terceros de la informaci\u00f3n contenida, si bien se estar\u00e1 a las advertencias que consten por determinados documentos y aplicativos.<\/p>\n<p>Todos los datos suministrados por los usuarios y usuarias no ser\u00e1n destinados a otras finalidades que las expresadas en cada caso, ni tampoco se facilitar\u00e1n a terceras partes, de acuerdo con los principios de protecci\u00f3n de datos de car\u00e1cter personal que establece la Ley Org\u00e1nica de Protecci\u00f3n de Datos (Ley 15\/1999, de 13 de diciembre).<\/p>\n<p>El Ayuntamiento de Solsona no garantiza que la web y el servidor est\u00e9n libres de virus y no se hace responsable de los da\u00f1os causados por el acceso al sitio web o por la imposibilidad de acceder al mismo.<\/p>\n<p>Este sitio web y todos sus contenidos, incluyendo los textos, im\u00e1genes, sonido, bases de datos y cualquier otro material son propiedad del Ayuntamiento de Solsona, de alg\u00fan instituto, empresa u organismo vinculado al propio Ayuntamiento o bien de terceros.<\/p>\n<p>El Ayuntamiento de Solsona se reserva el derecho de cambiar, modificar, ampliar contenidos, informaciones, aplicativos, etc. de este sitio web en cualquier momento y sin previo aviso.<\/p>\n<p>El inter\u00e9s del Ayuntamiento de Solsona es que este sitio web funcione con la m\u00e1xima eficacia y cumpla la finalidad para la que ha sido creado y se mantiene, poniendo todos los medios razonables para conseguirlo, pero no se responsabiliza de posibles malfunciones y anomal\u00edas en su funcionamiento.<\/p>\n<p>El Ayuntamiento de Solsona podr\u00e1 modificar los t\u00e9rminos y condiciones que aparecen en esta p\u00e1gina web y, por tanto, le aconsejamos que los consulte con una periodicidad razonable por si se producen cambios. Todas las modificaciones que se introduzcan entrar\u00e1n en vigencia en el mismo momento de su publicaci\u00f3n en este sitio web.<\/p>\n<p>El uso de este sitio web implica la aceptaci\u00f3n de los t\u00e9rminos y condiciones contenidos en esta p\u00e1gina web.<\/p>\n<p>Para cualquier aclaraci\u00f3n, informaci\u00f3n, sugerencia, queja, etc., pod\u00e9is utilizar el buz\u00f3n de sugerencias de esta web o dirigiros a la siguiente direcci\u00f3n:<\/p>\n<p><strong>Oficina de Atenci\u00f3n Ciudadana<\/strong><br \/>\nAyuntamiento de Solsona<br \/>\nC\/ Castell, 20<br \/>\nTel\u00e9fonos: 973 48 00 50<br \/>\nFax: 973 48 23 61<br \/>\n<a href=\"mailto:ajuntament@ajsolsona.cat\">ajuntament@ajsolsona.cat<\/a><\/p>\n<p>Los usuarios y usuarias pueden ejercer su derecho de acceso, rectificaci\u00f3n, cancelaci\u00f3n y oposici\u00f3n que le otorga la Ley Org\u00e1nica vigente de Protecci\u00f3n de Datos (Ley 15\/1999, de 13 de diciembre) sobre sus datos, solicit\u00e1ndolo con previa identificaci\u00f3n, personalmente, por tel\u00e9fono, por correo, fax o correo electr\u00f3nico a la Oficina de Informaci\u00f3n y Atenci\u00f3n al Ciudadano citada anteriormente.<\/p>\n<p>Los posibles conflictos relativos con este sitio web se regir\u00e1n exclusivamente por el derecho que afecta al Estado y Catalu\u00f1a, siendo el juzgado de Solsona el \u00fanico competente. Todos los usuarios y usuarias aceptan el cumplimiento y respeto de esta cl\u00e1usula<\/p>\n","protected":false},"excerpt":{"rendered":"<p>Este es un sitio web que el Ayuntamiento de Solsona pone a disposici\u00f3n de todos los usuarios y usuarias de la red Internet. Su objetivo es suministrar servicio e informaci\u00f3n a todos estos navegadores y, asimismo, proyectar y dar a conocer el patrimonio de la ciudad y su actividad. Todos los derechos est\u00e1n reservados. No [&hellip;]<\/p>\n","protected":false},"author":1,"featured_media":0,"parent":0,"menu_order":8,"comment_status":"closed","ping_status":"closed","template":"page-legal.php","meta":{"_acf_changed":false,"footnotes":""},"class_list":["post-269","page","type-page","status-publish","hentry"],"acf":[],"_links":{"self":[{"href":"https:\/\/solsonaturisme.nordkat.com\/es\/wp-json\/wp\/v2\/pages\/269","targetHints":{"allow":["GET"]}}],"collection":[{"href":"https:\/\/solsonaturisme.nordkat.com\/es\/wp-json\/wp\/v2\/pages"}],"about":[{"href":"https:\/\/solsonaturisme.nordkat.com\/es\/wp-json\/wp\/v2\/types\/page"}],"author":[{"embeddable":true,"href":"https:\/\/solsonaturisme.nordkat.com\/es\/wp-json\/wp\/v2\/users\/1"}],"replies":[{"embeddable":true,"href":"https:\/\/solsonaturisme.nordkat.com\/es\/wp-json\/wp\/v2\/comments?post=269"}],"version-history":[{"count":0,"href":"https:\/\/solsonaturisme.nordkat.com\/es\/wp-json\/wp\/v2\/pages\/269\/revisions"}],"wp:attachment":[{"href":"https:\/\/solsonaturisme.nordkat.com\/es\/wp-json\/wp\/v2\/media?parent=269"}],"curies":[{"name":"wp","href":"https:\/\/api.w.org\/{rel}","templated":true}]}}