{"id":265,"date":"2026-02-25T12:37:04","date_gmt":"2026-02-25T10:37:04","guid":{"rendered":"http:\/\/solsonaturisme.nordkat.com\/aviso-legal\/"},"modified":"2026-02-25T12:37:04","modified_gmt":"2026-02-25T10:37:04","slug":"aviso-legal","status":"publish","type":"page","link":"https:\/\/solsonaturisme.nordkat.com\/es\/aviso-legal\/","title":{"rendered":"Aviso legal"},"content":{"rendered":"<p>Todos los derechos est\u00e1n reservados. No est\u00e1 permitida la modificaci\u00f3n de la web ni de sus contenidos.<\/p>\n<p>El Ayuntamiento de Solsona no se hace responsable del contenido, exactitud y actualizaci\u00f3n de la informaci\u00f3n que proviene de otras personas f\u00edsicas o jur\u00eddicas y que conste en el sitio web o a la que se remita a partir de enlaces u otros sistemas.<\/p>\n<p>Todos los datos suministrados por los usuarios y usuarias no ser\u00e1n destinados a otras finalidades que las expresadas en cada caso, ni tampoco se facilitar\u00e1n a terceras partes, de acuerdo con los principios de protecci\u00f3n de datos de car\u00e1cter personal que establece la Ley Org\u00e1nica de Protecci\u00f3n de Datos (Ley 15\/1999, de 13 de diciembre).<\/p>\n<p>El Ayuntamiento de Solsona no garantiza que la web y el servidor est\u00e9n libres de virus y no se hace responsable de los da\u00f1os causados por el acceso al sitio web o por la imposibilidad de acceder al mismo.<\/p>\n<p>Este sitio web y todos sus contenidos, incluyendo los textos, im\u00e1genes, sonido, bases de datos y cualquier otro material son propiedad del Ayuntamiento de Solsona, de alg\u00fan instituto, empresa u organismo vinculado al propio Ayuntamiento o bien de terceros.<\/p>\n<p>El Ayuntamiento de Solsona se reserva el derecho de cambiar, modificar, ampliar contenidos, informaciones, aplicativos, etc. de este sitio web en cualquier momento y sin previo aviso.<\/p>\n<p>El uso de este sitio web implica la aceptaci\u00f3n de los t\u00e9rminos y condiciones contenidos en esta p\u00e1gina web.<\/p>\n<p>Para cualquier aclaraci\u00f3n, informaci\u00f3n, sugerencia, queja, etc., pod\u00e9is utilizar el buz\u00f3n de sugerencias de esta web o dirigiros a la siguiente direcci\u00f3n:<\/p>\n<p><strong>Oficina de Atenci\u00f3n Ciudadana<\/strong><strong> <\/strong><\/p>\n<p>Ayuntamiento de Solsona<br \/>\nC\/ Castell, 20<br \/>\nTel\u00e9fonos: 973 48 00 50<br \/>\nFax: 973 48 23 61<br \/>\najuntament@ajsolsona.cat<\/p>\n<p>Los usuarios y usuarias pueden ejercer su derecho de acceso, rectificaci\u00f3n, cancelaci\u00f3n y oposici\u00f3n que le otorga la Ley Org\u00e1nica vigente de Protecci\u00f3n de Datos (Ley 15\/1999, de 13 de diciembre) sobre sus datos, solicit\u00e1ndolo con previa identificaci\u00f3n, personalmente, por tel\u00e9fono, por correo, fax o correo electr\u00f3nico a la Oficina de Informaci\u00f3n y Atenci\u00f3n al Ciudadano citada anteriormente.<\/p>\n","protected":false},"excerpt":{"rendered":"<p>Todos los derechos est\u00e1n reservados. No est\u00e1 permitida la modificaci\u00f3n de la web ni de sus contenidos. El Ayuntamiento de Solsona no se hace responsable del contenido, exactitud y actualizaci\u00f3n de la informaci\u00f3n que proviene de otras personas f\u00edsicas o jur\u00eddicas y que conste en el sitio web o a la que se remita a [&hellip;]<\/p>\n","protected":false},"author":1,"featured_media":0,"parent":0,"menu_order":7,"comment_status":"closed","ping_status":"closed","template":"page-legal.php","meta":{"_acf_changed":false,"footnotes":""},"class_list":["post-265","page","type-page","status-publish","hentry"],"acf":[],"_links":{"self":[{"href":"https:\/\/solsonaturisme.nordkat.com\/es\/wp-json\/wp\/v2\/pages\/265","targetHints":{"allow":["GET"]}}],"collection":[{"href":"https:\/\/solsonaturisme.nordkat.com\/es\/wp-json\/wp\/v2\/pages"}],"about":[{"href":"https:\/\/solsonaturisme.nordkat.com\/es\/wp-json\/wp\/v2\/types\/page"}],"author":[{"embeddable":true,"href":"https:\/\/solsonaturisme.nordkat.com\/es\/wp-json\/wp\/v2\/users\/1"}],"replies":[{"embeddable":true,"href":"https:\/\/solsonaturisme.nordkat.com\/es\/wp-json\/wp\/v2\/comments?post=265"}],"version-history":[{"count":0,"href":"https:\/\/solsonaturisme.nordkat.com\/es\/wp-json\/wp\/v2\/pages\/265\/revisions"}],"wp:attachment":[{"href":"https:\/\/solsonaturisme.nordkat.com\/es\/wp-json\/wp\/v2\/media?parent=265"}],"curies":[{"name":"wp","href":"https:\/\/api.w.org\/{rel}","templated":true}]}}