{"id":232,"date":"2026-01-28T17:06:47","date_gmt":"2026-01-28T15:06:47","guid":{"rendered":"http:\/\/solsonaturisme.nordkat.com\/que-hacer\/mas-alla-de-solsona\/"},"modified":"2026-01-28T17:06:47","modified_gmt":"2026-01-28T15:06:47","slug":"mas-alla-de-solsona","status":"publish","type":"page","link":"https:\/\/solsonaturisme.nordkat.com\/es\/que-hacer-en-solsona\/mas-alla-de-solsona\/","title":{"rendered":"M\u00e1s all\u00e1 de Solsona"},"content":{"rendered":"<p>La ciudad es s\u00f3lo el punto de partida. En los alrededores te espera un territorio lleno de paisajes \u00fanicos, pueblos con encanto y rincones que conservan la esencia m\u00e1s aut\u00e9ntica de El Solson\u00e8s. Si quieres descubrir rutas sorprendentes, propuestas culturales, experiencias en la naturaleza y muchos otros planes para completar tu visita, te invitamos a explorar todo lo que la comarca te puede ofrecer.<\/p>\n<p>No te pierdas la oportunidad de disfrutar de El Solson\u00e8s en toda su amplitud.<\/p>\n<p>Visita Turismo Solson\u00e8s y d\u00e9jate inspirar por todas las posibilidades que te esperan m\u00e1s all\u00e1 de Solsona.<\/p>\n","protected":false},"excerpt":{"rendered":"<p>La ciudad es s\u00f3lo el punto de partida. En los alrededores te espera un territorio lleno de paisajes \u00fanicos, pueblos con encanto y rincones que conservan la esencia m\u00e1s aut\u00e9ntica de El Solson\u00e8s. Si quieres descubrir rutas sorprendentes, propuestas culturales, experiencias en la naturaleza y muchos otros planes para completar tu visita, te invitamos a [&hellip;]<\/p>\n","protected":false},"author":1,"featured_media":198,"parent":208,"menu_order":5,"comment_status":"closed","ping_status":"closed","template":"page-que-fer-standard.php","meta":{"_acf_changed":false,"footnotes":""},"class_list":["post-232","page","type-page","status-publish","has-post-thumbnail","hentry"],"acf":[],"_links":{"self":[{"href":"https:\/\/solsonaturisme.nordkat.com\/es\/wp-json\/wp\/v2\/pages\/232","targetHints":{"allow":["GET"]}}],"collection":[{"href":"https:\/\/solsonaturisme.nordkat.com\/es\/wp-json\/wp\/v2\/pages"}],"about":[{"href":"https:\/\/solsonaturisme.nordkat.com\/es\/wp-json\/wp\/v2\/types\/page"}],"author":[{"embeddable":true,"href":"https:\/\/solsonaturisme.nordkat.com\/es\/wp-json\/wp\/v2\/users\/1"}],"replies":[{"embeddable":true,"href":"https:\/\/solsonaturisme.nordkat.com\/es\/wp-json\/wp\/v2\/comments?post=232"}],"version-history":[{"count":0,"href":"https:\/\/solsonaturisme.nordkat.com\/es\/wp-json\/wp\/v2\/pages\/232\/revisions"}],"up":[{"embeddable":true,"href":"https:\/\/solsonaturisme.nordkat.com\/es\/wp-json\/wp\/v2\/pages\/208"}],"wp:featuredmedia":[{"embeddable":true,"href":"https:\/\/solsonaturisme.nordkat.com\/es\/wp-json\/wp\/v2\/media\/198"}],"wp:attachment":[{"href":"https:\/\/solsonaturisme.nordkat.com\/es\/wp-json\/wp\/v2\/media?parent=232"}],"curies":[{"name":"wp","href":"https:\/\/api.w.org\/{rel}","templated":true}]}}